{"id":15,"date":"2021-09-30T18:51:13","date_gmt":"2021-03-09T09:03:37","guid":{"rendered":"https:\/\/www.asiyanmusikidernegi.com\/index.php\/about-us\/"},"modified":"2021-11-22T21:59:33","modified_gmt":"2021-11-22T18:59:33","slug":"dernek-hakkinda","status":"publish","type":"page","link":"https:\/\/www.asiyanmusikidernegi.com\/index.php\/dernek-hakkinda\/","title":{"rendered":"Dernek Hakk\u0131nda"},"content":{"rendered":"\n<p><strong>A\u015e\u0130YAN&nbsp; M\u00dbSIK\u00ce&nbsp; DERNE\u011e\u0130<\/strong><\/p>\n\n\n\n<p>2003 y\u0131l\u0131nda Kanun Sanat\u00e7\u0131s\u0131 Sad\u0131k KAVAS taraf\u0131ndan Hasanpa\u015fa-Kad\u0131k\u00f6y \u2013 \u0130stanbul\u2019da kurulmu\u015ftur.<\/p>\n\n\n\n<p><strong>Kurucu Ba\u015fkan\u0131 olan Sad\u0131k KAVAS T\u00fcrk M\u00fczi\u011fi Korosunun \u015fefidir<\/strong> ve temel e\u011fitimleri kendisi vermektedir. Nazariyat, us\u00fbl, nota vb. e\u011fitimlerle birlikte <strong>\u015eef Yard\u0131mc\u0131l\u0131\u011f\u0131n\u0131 H. Handan KAVAS <\/strong>yapmaktad\u0131r<\/p>\n\n\n\n<p><strong>Prof. Dr. Sedefhan O\u011eUZ\u2019un Onursal Ba\u015fkanl\u0131\u011f\u0131<\/strong> ile 2021 y\u0131l\u0131ndan itibaren dernekte yepyeni bir d\u00f6neme imza at\u0131larak daha etkin \u00e7al\u0131\u015fmalar hedeflenmi\u015f, kuruldu\u011fundan bu yana devam etmekte olan konser ve m\u00fczik programlar\u0131 yan\u0131 s\u0131ra; bu g\u00fczel k\u00fclt\u00fcr\u00fc gelecek ku\u015faklara ta\u015f\u0131mak, m\u00fbs\u0131k\u00eemizi anlatarak sevdirebilmek, bu u\u011furda projeler olu\u015fturabilmek ad\u0131na de\u011ferli \u00fcst\u00e2dlardan olu\u015fan bir de sanat kurulu olu\u015fturulmu\u015ftur.<\/p>\n\n\n\n<p><strong>A\u015fiyan M\u00fbs\u0131k\u00ee Derne\u011fi \u2013 Sanat Kurulu \u00fcyeleri;&nbsp;<br>M\u00fcnip UTANDI \u2013 Adnan MUNGAN \u2013 \u015e\u00fckr\u00fc T\u00dcRKMEN \u2013 Sad\u0131k KAVAS ve H. Handan KAVAS<\/strong><\/p>\n\n\n\n<p>Ayr\u0131ca yine 2021 y\u0131l\u0131ndan itibaren <strong>Merve Utand\u0131 Kalkan \u2013 B\u00e2b\u00fcr KALKAN y\u00f6netiminde<\/strong> A\u015fiyan Musiki Derne\u011fi \u2013 \u00c7ocuk Korosu da kurulmu\u015ftur.<\/p>\n\n\n\n<p>Kuruldu\u011fundan bu yana Hasanpa\u015fa\u2019da Saka \u0130\u015f Han\u0131n\u0131n 3 kat\u0131nda faaliyet g\u00f6steren Derne\u011fimizde; zaman\u0131 s\u0131n\u0131rl\u0131 olanlar da d\u00fc\u015f\u00fcn\u00fclerek g\u00fcnd\u00fcz, ak\u015fam ve hafta sonu \u00e7al\u0131\u015fmalar\u0131 olmak \u00fczere a\u015fa\u011f\u0131da verilen g\u00fcn ve saatlerde olmak \u00fczere 3 ayr\u0131 grupta \u00e7al\u0131\u015fma yap\u0131lmakta, bu 3 grubun birle\u015fmesiyle de konser korosu olu\u015fmaktad\u0131r.<\/p>\n\n\n\n<p>\u00dcyeler; \u00e7al\u0131\u015fma i\u00e7in her gruba girebilir veya herhangi bir grubu da tercih edebilirler.<\/p>\n\n\n\n<p>2021 y\u0131l\u0131 itibariyle 67 konseri geride b\u0131rak\u0131rken, Konserler genellikle Yeditepe \u00dcniversitesi \u2013 Kongre Salonu\u2019nda verilmektedir.<\/p>\n\n\n\n<p>Kuruldu\u011fu y\u0131llarda yakla\u015f\u0131k 3 y\u0131l &nbsp;M\u00fbs\u0131k\u00ee Derne\u011fi\u2019n\u0131n Onursal Ba\u015fkan\u0131 olan ve 31 A\u011fustos 2021 tarihinde kaybetti\u011fimiz Say\u0131n \u0130nci \u00c7AYIRLI\u2019n\u0131n ad\u0131 3. Kattaki me\u015fh\u00e2neye verilmi\u015ftir.<\/p>\n\n\n\n<p><strong>\u0130nci \u00c7AYIRLI \u2013 \u0130cra Salonu\u2019nda<\/strong> her ay mini fas\u0131llar e\u015fli\u011finde halka a\u00e7\u0131k, gerek konuk sanat\u00e7\u0131lar\u0131n, gerek se dernek solistlerinin yer ald\u0131\u011f\u0131 m\u00fczik programlar\u0131 yap\u0131lmakta olacak, bu programlar online olarak canl\u0131 yay\u0131nlanacak b\u00f6ylece dernek faaliyetleri ile \u0130nci \u00c7AYIRLI Hocam\u0131z\u0131n ad\u0131 hep ya\u015fayacakt\u0131r.<\/p>\n\n\n\n<p><strong>A\u015fiyan M\u00fbs\u0131k\u00ee &nbsp;Derne\u011fi\u2019nde&nbsp; \u00fcye kabul\u00fc belli aral\u0131klarla m\u00fcl\u00e2kat ve mini bir s\u0131navla yap\u0131lmaktad\u0131r. Aday ki\u015filerde iyi bir kula\u011fa sahip olman\u0131n yan\u0131 s\u0131ra musiki sevgi ve ilgisi ile Derne\u011fe uyum aranan en b\u00fcy\u00fck \u00f6zelliktir.<\/strong><\/p>\n\n\n\n<p><br><strong>A\u015e\u0130YAN M\u00dbSIK\u00ce DERNE\u011e\u0130 \u00c7ALI\u015eMALARI:<\/strong><\/p>\n\n\n\n<p>T\u00dcRK M\u00dcZ\u0130\u011e\u0130 KORO \u00c7ALI\u015eMALARI:<\/p>\n\n\n\n<p><strong>G\u00fcnd\u00fcz;<\/strong><br>Pazartesi g\u00fcnleri&nbsp; : 13.30 &#8211; 16.30 Repertuar<br>\u00c7ar\u015famba g\u00fcnleri : 13.30 &#8211; 16.30 Repertuar<\/p>\n\n\n\n<p><strong>Ak\u015fam;<\/strong><br>Pazartesi g\u00fcnleri&nbsp; &nbsp;: 19.00 &#8211; 21.00 Repertuar<br>\u00c7ar\u015famba g\u00fcnleri : 19.00 &#8211; 21.00 Repertuar<\/p>\n\n\n\n<p><strong>Haftasonu;<\/strong><br>Cumartesi g\u00fcnleri : 11.30 &#8211; &nbsp;13.00 &nbsp;Us\u00fbl &#8211; Nota &#8211; Nazariyat<br>Cumartesi g\u00fcnleri : 13.30 &#8211;&nbsp; 15.30 &nbsp;Repertuar<\/p>\n\n\n\n<p>Cumartesi g\u00fcnleri : 15.45 &#8211; &nbsp;17.00&nbsp; Haftan\u0131n Solisti veya Ay\u0131n Konu\u011fu programlar\u0131<\/p>\n\n\n\n<p><strong>\u00c7OCUK KOROSU<br><\/strong>Pazar g\u00fcnleri 13.00 \u2013 14.30 saatleri aras\u0131nda yap\u0131lmaktad\u0131r.<\/p>\n\n\n\n<p>Enstr\u00fcman, \u015fan dersleri gibi dersler \u00f6zel ders stat\u00fcs\u00fcndedir. Derslerin g\u00fcn ve saatleri e\u011fitmen-\u00f6\u011frenci aras\u0131nda belirlenmekte, bire-bir olarak yap\u0131lmaktad\u0131r.<\/p>\n\n\n\n<p><strong>A\u015e\u0130Y\u00c2N M\u00dbSIK\u00ce DERNE\u011e\u0130\u2019NDE&nbsp; FAAL\u0130YETLER;<\/strong><\/p>\n\n\n\n<p>A\u015fiyan M\u00fbs\u0131k\u00ee Derne\u011fi ve M\u00fczik Merkezi\u2019nde; Gezi, yemek ve \u00f6zel geceler haricinde esas olarak<\/p>\n\n\n\n<p>\u2013 Seri Konserler&nbsp; (Yeditepe \u00dcnv.\u2013 \u0130nan K\u0131ra\u00e7 Kongre Salonu\u2019nda verilmektedir)<\/p>\n\n\n\n<p>\u2013 \u0130nci \u00c7AYIRLI \u0130cra SALONU etkinlikleri;<br>&nbsp;&nbsp;&nbsp;&nbsp;&nbsp;&nbsp;&nbsp;&nbsp;&nbsp;&nbsp;&nbsp; &#8211; Haftan\u0131n Solistleri (Her cumartesi)<br>&nbsp;&nbsp; &nbsp;&nbsp;&nbsp;&nbsp;&nbsp;&nbsp;&nbsp;&nbsp; &#8211; Ay\u0131n Konuklar\u0131 ( 2 ayda bir olup \u00fcnl\u00fc sanat\u00e7\u0131lar yer almaktad\u0131r)<br>&nbsp;&nbsp;&nbsp;&nbsp; &nbsp;&nbsp;&nbsp;&nbsp;&nbsp;&nbsp; &#8211; Fas\u0131l g\u00fcnleri ( 15 g\u00fcnde bir)<\/p>\n\n\n\n<p>Bundan b\u00f6yle her \u201cAy\u0131n konuklar\u0131\u201d ile \u201cFas\u0131l g\u00fcnleri\u201d programlar\u0131m\u0131zda online canl\u0131 yay\u0131n yap\u0131lacakt\u0131r.<br><br><\/p>\n\n\n\n<div class=\"wp-block-columns has-gray-background-color has-background is-layout-flex wp-container-core-columns-is-layout-28f84493 wp-block-columns-is-layout-flex\">\n<div class=\"wp-block-column is-layout-flow wp-block-column-is-layout-flow\">\n<h4 class=\"wp-block-heading\">2003&#8217;den beri<\/h4>\n\n\n\n<p>T\u00fcrk M\u00fczi\u011finde koro \u00e7al\u0131\u015fmalar\u0131, repertuar, us\u00fbl, nota, solfej, nazariyat dersleri verilmektedir. <\/p>\n<\/div>\n\n\n\n<div class=\"wp-block-column is-layout-flow wp-block-column-is-layout-flow\">\n<h4 class=\"wp-block-heading\">18 Y\u0131ll\u0131k Tecr\u00fcbe<\/h4>\n\n\n\n<p> 18 Y\u0131l boyunca T\u00fcrk Sanat M\u00fczi\u011fine en kaliteli hizmeti vermek i\u00e7in b\u00fcy\u00fck emek verdik. <\/p>\n<\/div>\n\n\n\n<div class=\"wp-block-column is-layout-flow wp-block-column-is-layout-flow\">\n<h4 class=\"wp-block-heading\">68 Konser<\/h4>\n\n\n\n<p>A\u015fiyan Musiki derne\u011fi olarak 18 Y\u0131lda 68 adet konser d\u00fczenledik.<\/p>\n<\/div>\n<\/div>\n","protected":false},"excerpt":{"rendered":"<p>A\u015e\u0130YAN&nbsp; M\u00dbSIK\u00ce&nbsp; DERNE\u011e\u0130 2003 y\u0131l\u0131nda Kanun Sanat\u00e7\u0131s\u0131 Sad\u0131k KAVAS taraf\u0131ndan Hasanpa\u015fa-Kad\u0131k\u00f6y \u2013 \u0130stanbul\u2019da kurulmu\u015ftur. Kurucu Ba\u015fkan\u0131 olan Sad\u0131k KAVAS T\u00fcrk<\/p>\n","protected":false},"author":1,"featured_media":2607,"parent":0,"menu_order":0,"comment_status":"closed","ping_status":"closed","template":"","meta":{"footnotes":""},"class_list":["post-15","page","type-page","status-publish","has-post-thumbnail","hentry"],"_links":{"self":[{"href":"https:\/\/www.asiyanmusikidernegi.com\/index.php\/wp-json\/wp\/v2\/pages\/15","targetHints":{"allow":["GET"]}}],"collection":[{"href":"https:\/\/www.asiyanmusikidernegi.com\/index.php\/wp-json\/wp\/v2\/pages"}],"about":[{"href":"https:\/\/www.asiyanmusikidernegi.com\/index.php\/wp-json\/wp\/v2\/types\/page"}],"author":[{"embeddable":true,"href":"https:\/\/www.asiyanmusikidernegi.com\/index.php\/wp-json\/wp\/v2\/users\/1"}],"replies":[{"embeddable":true,"href":"https:\/\/www.asiyanmusikidernegi.com\/index.php\/wp-json\/wp\/v2\/comments?post=15"}],"version-history":[{"count":4,"href":"https:\/\/www.asiyanmusikidernegi.com\/index.php\/wp-json\/wp\/v2\/pages\/15\/revisions"}],"predecessor-version":[{"id":2673,"href":"https:\/\/www.asiyanmusikidernegi.com\/index.php\/wp-json\/wp\/v2\/pages\/15\/revisions\/2673"}],"wp:featuredmedia":[{"embeddable":true,"href":"https:\/\/www.asiyanmusikidernegi.com\/index.php\/wp-json\/wp\/v2\/media\/2607"}],"wp:attachment":[{"href":"https:\/\/www.asiyanmusikidernegi.com\/index.php\/wp-json\/wp\/v2\/media?parent=15"}],"curies":[{"name":"wp","href":"https:\/\/api.w.org\/{rel}","templated":true}]}}