{"id":2501,"date":"2021-09-30T19:09:02","date_gmt":"2021-03-09T11:43:12","guid":{"rendered":""},"modified":"2021-11-22T22:34:40","modified_gmt":"2021-11-22T19:34:40","slug":"meet-the-team","status":"publish","type":"page","link":"https:\/\/www.asiyanmusikidernegi.com\/index.php\/meet-the-team\/","title":{"rendered":"Sanat Kurulumuz"},"content":{"rendered":"\n<div class=\"wp-block-columns is-style-default is-layout-flex wp-container-core-columns-is-layout-28f84493 wp-block-columns-is-layout-flex\">\n<div class=\"wp-block-column is-layout-flow wp-block-column-is-layout-flow\">\n<figure class=\"wp-block-image size-large\"><img loading=\"lazy\" decoding=\"async\" width=\"1024\" height=\"750\" src=\"https:\/\/www.asiyanmusikidernegi.com\/wp-content\/uploads\/2021\/11\/WhatsApp-Image-2021-11-19-at-23.29.32-1024x750.jpeg\" alt=\"\" class=\"wp-image-2675\" srcset=\"https:\/\/www.asiyanmusikidernegi.com\/wp-content\/uploads\/2021\/11\/WhatsApp-Image-2021-11-19-at-23.29.32-1024x750.jpeg 1024w, https:\/\/www.asiyanmusikidernegi.com\/wp-content\/uploads\/2021\/11\/WhatsApp-Image-2021-11-19-at-23.29.32-300x220.jpeg 300w, https:\/\/www.asiyanmusikidernegi.com\/wp-content\/uploads\/2021\/11\/WhatsApp-Image-2021-11-19-at-23.29.32-768x562.jpeg 768w, https:\/\/www.asiyanmusikidernegi.com\/wp-content\/uploads\/2021\/11\/WhatsApp-Image-2021-11-19-at-23.29.32-370x270.jpeg 370w, https:\/\/www.asiyanmusikidernegi.com\/wp-content\/uploads\/2021\/11\/WhatsApp-Image-2021-11-19-at-23.29.32-750x549.jpeg 750w, https:\/\/www.asiyanmusikidernegi.com\/wp-content\/uploads\/2021\/11\/WhatsApp-Image-2021-11-19-at-23.29.32.jpeg 1080w\" sizes=\"auto, (max-width: 1024px) 100vw, 1024px\" \/><\/figure>\n<\/div>\n<\/div>\n\n\n\n<h2 class=\"wp-block-heading\">Sanat, Y\u00f6netim, Denetim kurumlar\u0131m\u0131z<\/h2>\n\n\n\n<div class=\"wp-block-columns is-layout-flex wp-container-core-columns-is-layout-28f84493 wp-block-columns-is-layout-flex\">\n<div class=\"wp-block-column is-layout-flow wp-block-column-is-layout-flow\">\n<figure class=\"wp-block-image size-large\"><img loading=\"lazy\" decoding=\"async\" width=\"825\" height=\"1024\" src=\"https:\/\/www.asiyanmusikidernegi.com\/wp-content\/uploads\/2021\/11\/WhatsApp-Image-2021-11-19-at-23.29.47-825x1024.jpeg\" alt=\"\" class=\"wp-image-2677\" srcset=\"https:\/\/www.asiyanmusikidernegi.com\/wp-content\/uploads\/2021\/11\/WhatsApp-Image-2021-11-19-at-23.29.47-825x1024.jpeg 825w, https:\/\/www.asiyanmusikidernegi.com\/wp-content\/uploads\/2021\/11\/WhatsApp-Image-2021-11-19-at-23.29.47-242x300.jpeg 242w, https:\/\/www.asiyanmusikidernegi.com\/wp-content\/uploads\/2021\/11\/WhatsApp-Image-2021-11-19-at-23.29.47-768x953.jpeg 768w, https:\/\/www.asiyanmusikidernegi.com\/wp-content\/uploads\/2021\/11\/WhatsApp-Image-2021-11-19-at-23.29.47-750x931.jpeg 750w, https:\/\/www.asiyanmusikidernegi.com\/wp-content\/uploads\/2021\/11\/WhatsApp-Image-2021-11-19-at-23.29.47.jpeg 1078w\" sizes=\"auto, (max-width: 825px) 100vw, 825px\" \/><\/figure>\n<\/div>\n<\/div>\n","protected":false},"excerpt":{"rendered":"<p>Sanat, Y\u00f6netim, Denetim kurumlar\u0131m\u0131z<\/p>\n","protected":false},"author":1,"featured_media":0,"parent":0,"menu_order":0,"comment_status":"closed","ping_status":"closed","template":"","meta":{"footnotes":""},"class_list":["post-2501","page","type-page","status-publish","hentry"],"_links":{"self":[{"href":"https:\/\/www.asiyanmusikidernegi.com\/index.php\/wp-json\/wp\/v2\/pages\/2501","targetHints":{"allow":["GET"]}}],"collection":[{"href":"https:\/\/www.asiyanmusikidernegi.com\/index.php\/wp-json\/wp\/v2\/pages"}],"about":[{"href":"https:\/\/www.asiyanmusikidernegi.com\/index.php\/wp-json\/wp\/v2\/types\/page"}],"author":[{"embeddable":true,"href":"https:\/\/www.asiyanmusikidernegi.com\/index.php\/wp-json\/wp\/v2\/users\/1"}],"replies":[{"embeddable":true,"href":"https:\/\/www.asiyanmusikidernegi.com\/index.php\/wp-json\/wp\/v2\/comments?post=2501"}],"version-history":[{"count":4,"href":"https:\/\/www.asiyanmusikidernegi.com\/index.php\/wp-json\/wp\/v2\/pages\/2501\/revisions"}],"predecessor-version":[{"id":2679,"href":"https:\/\/www.asiyanmusikidernegi.com\/index.php\/wp-json\/wp\/v2\/pages\/2501\/revisions\/2679"}],"wp:attachment":[{"href":"https:\/\/www.asiyanmusikidernegi.com\/index.php\/wp-json\/wp\/v2\/media?parent=2501"}],"curies":[{"name":"wp","href":"https:\/\/api.w.org\/{rel}","templated":true}]}}