{"id":2669,"date":"2021-11-21T23:44:47","date_gmt":"2021-11-21T20:44:47","guid":{"rendered":"https:\/\/www.asiyanmusikidernegi.com\/?page_id=2669"},"modified":"2021-11-21T23:44:47","modified_gmt":"2021-11-21T20:44:47","slug":"dernek-calismalari","status":"publish","type":"page","link":"https:\/\/www.asiyanmusikidernegi.com\/index.php\/dernek-calismalari\/","title":{"rendered":"Dernek \u00e7al\u0131\u015fmalar\u0131"},"content":{"rendered":"\n<p>Dernek \u00e7al\u0131\u015fmalar\u0131<br>Pazartesi<br>G\u00fcnd\u00fcz. 13.30 &#8211; 17.00 koro<br>Aksam . 19.00 -21.00 koro<\/p>\n\n\n\n<p>\u00c7ar\u015famba<br>G\u00fcnd\u00fcz. 13.30 &#8211; 17.00 koro<br>Aksam . 19.00 -21.00 koro<\/p>\n\n\n\n<p>Cumartesi<br>11.30 &#8211; 13.00 Usul &#8211; Nota- Nazariyat<br>13.30 &#8211; 15.45 koro<br>16.00 &#8211; 17.00 muhtelif etkinlikler<br>(Solitler ge\u00e7idi- konuk sanat\u00e7\u0131lar &#8211; fas\u0131llar )<\/p>\n","protected":false},"excerpt":{"rendered":"<p>Dernek \u00e7al\u0131\u015fmalar\u0131PazartesiG\u00fcnd\u00fcz. 13.30 &#8211; 17.00 koroAksam . 19.00 -21.00 koro \u00c7ar\u015fambaG\u00fcnd\u00fcz. 13.30 &#8211; 17.00 koroAksam . 19.00 -21.00 koro Cumartesi11.30<\/p>\n","protected":false},"author":1,"featured_media":0,"parent":0,"menu_order":0,"comment_status":"closed","ping_status":"closed","template":"","meta":{"footnotes":""},"class_list":["post-2669","page","type-page","status-publish","hentry"],"_links":{"self":[{"href":"https:\/\/www.asiyanmusikidernegi.com\/index.php\/wp-json\/wp\/v2\/pages\/2669","targetHints":{"allow":["GET"]}}],"collection":[{"href":"https:\/\/www.asiyanmusikidernegi.com\/index.php\/wp-json\/wp\/v2\/pages"}],"about":[{"href":"https:\/\/www.asiyanmusikidernegi.com\/index.php\/wp-json\/wp\/v2\/types\/page"}],"author":[{"embeddable":true,"href":"https:\/\/www.asiyanmusikidernegi.com\/index.php\/wp-json\/wp\/v2\/users\/1"}],"replies":[{"embeddable":true,"href":"https:\/\/www.asiyanmusikidernegi.com\/index.php\/wp-json\/wp\/v2\/comments?post=2669"}],"version-history":[{"count":1,"href":"https:\/\/www.asiyanmusikidernegi.com\/index.php\/wp-json\/wp\/v2\/pages\/2669\/revisions"}],"predecessor-version":[{"id":2670,"href":"https:\/\/www.asiyanmusikidernegi.com\/index.php\/wp-json\/wp\/v2\/pages\/2669\/revisions\/2670"}],"wp:attachment":[{"href":"https:\/\/www.asiyanmusikidernegi.com\/index.php\/wp-json\/wp\/v2\/media?parent=2669"}],"curies":[{"name":"wp","href":"https:\/\/api.w.org\/{rel}","templated":true}]}}